{"id":30120,"date":"2020-04-28T16:09:46","date_gmt":"2020-04-28T16:09:46","guid":{"rendered":"https:\/\/360.ee\/mobiilimangud\/"},"modified":"2025-11-28T11:42:50","modified_gmt":"2025-11-28T09:42:50","slug":"mobiilimangud","status":"publish","type":"page","link":"https:\/\/360.ee\/en\/mobiilimangud\/","title":{"rendered":"Mobile games"},"content":{"rendered":"<div class=\"flex max-w-full flex-col grow\">\n<div data-message-author-role=\"assistant\" data-message-id=\"9a4d521f-58d6-43a1-8d48-41bff58f7198\" dir=\"auto\" class=\"min-h-8 text-message relative flex w-full flex-col items-end gap-2 text-start break-words whitespace-normal [.text-message+&amp;]:mt-1\" data-message-model-slug=\"gpt-5-1\">\n<div class=\"flex w-full flex-col gap-1 empty:hidden first:pt-[1px]\">\n<div class=\"markdown prose dark:prose-invert w-full break-words light markdown-new-styling\">\n<h3 data-start=\"311\" data-end=\"517\">Ever found yourself wanting to get out and do something, but nothing comes to mind? Or had a friend visiting and wished you knew all the coolest stories about the city?<\/h3>\n<p data-start=\"33\" data-end=\"231\"><strong>The answer is <a href=\"https:\/\/360fun.eu\/en\/\">360FUN<\/a> mobile games!<\/strong><\/p>\n<\/div>\n<\/div>\n<\/div>\n<\/div>\n<p data-start=\"33\" data-end=\"236\">Interactive 360FUN mobile games offer the chance to explore and discover, combining exciting challenges, scenic destinations, and the company of friends to create an experience you won\u2019t soon forget.<\/p>\n<p data-start=\"238\" data-end=\"492\" data-is-last-node=\"\" data-is-only-node=\"\">Your task is to follow the map, walk to the location points, and solve the challenges that open there. Along the way, you\u2019ll also encounter tasks that have you staging fun photos, memories that will remind you of the adventure for a long time to come.<\/p>\n<p><b>Choose your <a href=\"https:\/\/360fun.eu\/en\/\">activity of the day<\/a>!\u00a0<\/b><\/p>\n<h3>Currently the most popular game<\/h3>\n<p><strong>TALLINN OLD TOWN ADVENTURE<\/strong><\/p>\n<p data-start=\"33\" data-end=\"230\">Right now, a beautiful Christmas market is open in Tallinn\u2019s Old Town. Add some spice to your walk with an Old Town adventure that takes you to popular sights, and challenges you with fun tasks.<\/p>\n<p data-start=\"232\" data-end=\"450\">Your goal is to find answers to questions related to the most interesting places in the Old Town. The questions unlock once you\u2019ve arrived at the correct location. All you need is curiosity and a bit of cleverness.<\/p>\n<p data-start=\"452\" data-end=\"521\" data-is-last-node=\"\" data-is-only-node=\"\">The game is available in Estonian, English, Finnish, and Russian.<\/p>\n<div class=\"woocommerce-product-details__short-description\">\n<p><strong><a href=\"https:\/\/360fun.eu\/en\/product\/tallinn-old-town-adventure-2\/\">Start playing!<\/a><\/strong><\/p>\n<\/div>\n<h3><strong>Why you should play with 360FUN?<\/strong><\/h3>\n<p data-start=\"56\" data-end=\"328\"><strong data-start=\"56\" data-end=\"92\">A fun way to discover new places<\/strong><br data-start=\"92\" data-end=\"95\" \/>If you love being out in nature or simply want to escape your daily routine, 360FUN is a fantastic way to experience Estonia from a whole new perspective. Our games take you along scenic trails where every turn brings a new surprise.<\/p>\n<p data-start=\"330\" data-end=\"655\"><strong data-start=\"330\" data-end=\"369\">Quality time with friends or family<\/strong><br data-start=\"369\" data-end=\"372\" \/>360FUN games are designed for teamwork. Using your creativity and cleverness, you\u2019ll solve challenges together, race against the clock or other teams, and simply enjoy the adventure. Every team member can contribute their skills, making the games versatile and exciting for everyone.<\/p>\n<p data-start=\"657\" data-end=\"934\"><strong data-start=\"657\" data-end=\"708\">Challenges and puzzles that put you to the test<\/strong><br data-start=\"708\" data-end=\"711\" \/>We offer more than just a hike or a walk. Each game includes a variety of puzzles and tasks that challenge your abilities and quick thinking. It\u2019s the perfect way to encourage collaboration while having fun at the same time.<\/p>\n<p data-start=\"936\" data-end=\"1248\"><strong data-start=\"936\" data-end=\"995\">Simple and convenient &#8211; all you need is your smartphone<\/strong><br data-start=\"995\" data-end=\"998\" \/>Forget complicated preparation. All our games are played on your smartphone, so the only thing you need is a working device and a readiness for adventure. The games are easy to follow, and every player can fully enjoy the experience\u2014wherever you are.<\/p>\n<p data-start=\"1250\" data-end=\"1578\"><strong data-start=\"1250\" data-end=\"1307\">Perfect for parties, companies, or a weekend activity<\/strong><br data-start=\"1307\" data-end=\"1310\" \/>Whether you\u2019re planning a birthday celebration, a relaxing team event, or simply looking for something fun to do with the family, 360FUN is a great fit. Our games are customizable and offer different levels of difficulty, making them exciting for both kids and adults.<\/p>\n<div class=\"text_exposed_show\">\n<h3><strong>How to play?<\/strong><\/h3>\n<div class=\"flex max-w-full flex-col grow\">\n<div data-message-author-role=\"assistant\" data-message-id=\"4a313757-20e3-44ea-8c10-169fd7452e37\" dir=\"auto\" class=\"min-h-8 text-message relative flex w-full flex-col items-end gap-2 text-start break-words whitespace-normal [.text-message+&amp;]:mt-1\" data-message-model-slug=\"gpt-5-1\">\n<div class=\"flex w-full flex-col gap-1 empty:hidden first:pt-[1px]\">\n<div class=\"markdown prose dark:prose-invert w-full break-words light markdown-new-styling\">\n<p data-start=\"33\" data-end=\"146\" data-is-last-node=\"\" data-is-only-node=\"\">One game ticket is meant for a group of one to four people. Starting the game is easier than you might think:<\/p>\n<\/div>\n<\/div>\n<\/div>\n<\/div>\n<ol>\n<li style=\"font-weight: 400;\" aria-level=\"1\">Choose a game from our website <a href=\"https:\/\/360fun.eu\/en\/\">www.360fun.eu<\/a>, where you\u2019ll find experiences created for different regions across Estonia.<\/li>\n<li style=\"font-weight: 400;\" aria-level=\"1\">Gather your team-whether it\u2019s family, friends, or colleagues.<\/li>\n<li style=\"font-weight: 400;\" aria-level=\"1\">Download the Loquiz app, enter the details sent to your email, and you\u2019re ready to start your adventure!<\/li>\n<\/ol>\n<div id='gallery-1' class='gallery galleryid-30120 gallery-columns-3 gallery-size-thumbnail'><figure class='gallery-item'>\n\t\t\t<div class='gallery-icon landscape'>\n\t\t\t\t<a href='https:\/\/360.ee\/wp-content\/uploads\/1-1.png'><img loading=\"lazy\" decoding=\"async\" width=\"450\" height=\"253\" src=\"https:\/\/360.ee\/wp-content\/uploads\/1-1-450x253.png\" class=\"attachment-thumbnail size-thumbnail\" alt=\"how to play 360FUN mobile game\" srcset=\"https:\/\/360.ee\/wp-content\/uploads\/1-1-450x253.png 450w, https:\/\/360.ee\/wp-content\/uploads\/1-1-760x428.png 760w, https:\/\/360.ee\/wp-content\/uploads\/1-1-768x432.png 768w, https:\/\/360.ee\/wp-content\/uploads\/1-1-1536x864.png 1536w, https:\/\/360.ee\/wp-content\/uploads\/1-1-991x557.png 991w, https:\/\/360.ee\/wp-content\/uploads\/1-1.png 1920w\" sizes=\"auto, (max-width: 450px) 100vw, 450px\" \/><\/a>\n\t\t\t<\/div><\/figure><figure class='gallery-item'>\n\t\t\t<div class='gallery-icon landscape'>\n\t\t\t\t<a href='https:\/\/360.ee\/wp-content\/uploads\/2-1.png'><img loading=\"lazy\" decoding=\"async\" width=\"450\" height=\"253\" src=\"https:\/\/360.ee\/wp-content\/uploads\/2-1-450x253.png\" class=\"attachment-thumbnail size-thumbnail\" alt=\"how to play 360FUN mobile game\" srcset=\"https:\/\/360.ee\/wp-content\/uploads\/2-1-450x253.png 450w, https:\/\/360.ee\/wp-content\/uploads\/2-1-760x428.png 760w, https:\/\/360.ee\/wp-content\/uploads\/2-1-768x432.png 768w, https:\/\/360.ee\/wp-content\/uploads\/2-1-1536x864.png 1536w, https:\/\/360.ee\/wp-content\/uploads\/2-1-991x557.png 991w, https:\/\/360.ee\/wp-content\/uploads\/2-1.png 1920w\" sizes=\"auto, (max-width: 450px) 100vw, 450px\" \/><\/a>\n\t\t\t<\/div><\/figure><figure class='gallery-item'>\n\t\t\t<div class='gallery-icon landscape'>\n\t\t\t\t<a href='https:\/\/360.ee\/wp-content\/uploads\/3-2.png'><img loading=\"lazy\" decoding=\"async\" width=\"450\" height=\"253\" src=\"https:\/\/360.ee\/wp-content\/uploads\/3-2-450x253.png\" class=\"attachment-thumbnail size-thumbnail\" alt=\"how to play 360FUN mobile game\" srcset=\"https:\/\/360.ee\/wp-content\/uploads\/3-2-450x253.png 450w, https:\/\/360.ee\/wp-content\/uploads\/3-2-760x428.png 760w, https:\/\/360.ee\/wp-content\/uploads\/3-2-768x432.png 768w, https:\/\/360.ee\/wp-content\/uploads\/3-2-1536x864.png 1536w, https:\/\/360.ee\/wp-content\/uploads\/3-2-991x557.png 991w, https:\/\/360.ee\/wp-content\/uploads\/3-2.png 1920w\" sizes=\"auto, (max-width: 450px) 100vw, 450px\" \/><\/a>\n\t\t\t<\/div><\/figure><figure class='gallery-item'>\n\t\t\t<div class='gallery-icon landscape'>\n\t\t\t\t<a href='https:\/\/360.ee\/wp-content\/uploads\/4-1.png'><img loading=\"lazy\" decoding=\"async\" width=\"450\" height=\"253\" src=\"https:\/\/360.ee\/wp-content\/uploads\/4-1-450x253.png\" class=\"attachment-thumbnail size-thumbnail\" alt=\"how to play 360FUN mobile game\" srcset=\"https:\/\/360.ee\/wp-content\/uploads\/4-1-450x253.png 450w, https:\/\/360.ee\/wp-content\/uploads\/4-1-760x428.png 760w, https:\/\/360.ee\/wp-content\/uploads\/4-1-768x432.png 768w, https:\/\/360.ee\/wp-content\/uploads\/4-1-1536x864.png 1536w, https:\/\/360.ee\/wp-content\/uploads\/4-1-991x557.png 991w, https:\/\/360.ee\/wp-content\/uploads\/4-1.png 1920w\" sizes=\"auto, (max-width: 450px) 100vw, 450px\" \/><\/a>\n\t\t\t<\/div><\/figure><figure class='gallery-item'>\n\t\t\t<div class='gallery-icon landscape'>\n\t\t\t\t<a href='https:\/\/360.ee\/wp-content\/uploads\/5-1.png'><img loading=\"lazy\" decoding=\"async\" width=\"450\" height=\"253\" src=\"https:\/\/360.ee\/wp-content\/uploads\/5-1-450x253.png\" class=\"attachment-thumbnail size-thumbnail\" alt=\"how to play 360FUN mobile game\" srcset=\"https:\/\/360.ee\/wp-content\/uploads\/5-1-450x253.png 450w, https:\/\/360.ee\/wp-content\/uploads\/5-1-760x428.png 760w, https:\/\/360.ee\/wp-content\/uploads\/5-1-768x432.png 768w, https:\/\/360.ee\/wp-content\/uploads\/5-1-1536x864.png 1536w, https:\/\/360.ee\/wp-content\/uploads\/5-1-991x557.png 991w, https:\/\/360.ee\/wp-content\/uploads\/5-1.png 1920w\" sizes=\"auto, (max-width: 450px) 100vw, 450px\" \/><\/a>\n\t\t\t<\/div><\/figure>\n\t\t<\/div>\n\n<div class=\"flex max-w-full flex-col grow\">\n<div data-message-author-role=\"assistant\" data-message-id=\"e233f2a9-0fe8-4fe5-8b29-c66ed64371b9\" dir=\"auto\" class=\"min-h-8 text-message relative flex w-full flex-col items-end gap-2 text-start break-words whitespace-normal [.text-message+&amp;]:mt-1\" data-message-model-slug=\"gpt-5-1\">\n<div class=\"flex w-full flex-col gap-1 empty:hidden first:pt-[1px]\">\n<div class=\"markdown prose dark:prose-invert w-full break-words light markdown-new-styling\">\n<p data-start=\"0\" data-end=\"81\" data-is-last-node=\"\" data-is-only-node=\"\"><strong data-start=\"0\" data-end=\"81\" data-is-last-node=\"\" data-is-only-node=\"\">Solve puzzles, discover new places, and turn your journey into an experience.<\/strong><\/p>\n<\/div>\n<\/div>\n<\/div>\n<\/div>\n<h3 data-start=\"40\" data-end=\"102\">What do other adventurers say about 360FUN mobile games?<\/h3>\n<p data-start=\"104\" data-end=\"375\"><strong data-start=\"104\" data-end=\"149\">About J\u00fcri von Kaufmann\u2019s City Adventure:<\/strong><br data-start=\"149\" data-end=\"152\" \/><em data-start=\"152\" data-end=\"373\">&#8220;The game was really fun and full of atmosphere &#8211; our team even learned new things! It was great that it included so many different areas &#8211; culture, music, history, sports, etc. It gave a really nice overview of Tartu.&#8221;<\/em><\/p>\n<p data-start=\"377\" data-end=\"778\"><strong data-start=\"377\" data-end=\"416\">About the Tartu Old Town Adventure:<\/strong><br data-start=\"416\" data-end=\"419\" \/><em data-start=\"419\" data-end=\"776\">&#8220;We want to sincerely thank you for the exciting adventure game in Tartu! We had a wonderful and challenging experience. The game was perfectly organized and allowed us to discover Tartu from a completely new perspective. We especially appreciated that the game could be played conveniently on our phones, making the whole experience even more enjoyable.&#8221;<\/em><\/p>\n<p data-start=\"780\" data-end=\"799\" data-is-last-node=\"\" data-is-only-node=\"\"><strong data-start=\"780\" data-end=\"799\" data-is-last-node=\"\">Ready, set, go!<\/strong><\/p>\n<div id='gallery-2' class='gallery galleryid-30120 gallery-columns-3 gallery-size-thumbnail'><figure class='gallery-item'>\n\t\t\t<div class='gallery-icon landscape'>\n\t\t\t\t<a href='https:\/\/360.ee\/wp-content\/uploads\/377A6145.jpg'><img loading=\"lazy\" decoding=\"async\" width=\"450\" height=\"225\" src=\"https:\/\/360.ee\/wp-content\/uploads\/377A6145-450x225.jpg\" class=\"attachment-thumbnail size-thumbnail\" alt=\"s\u00f5brad tallinna vanalinnas 360fun nutim\u00e4ngu m\u00e4ngimas\" \/><\/a>\n\t\t\t<\/div><\/figure><figure class='gallery-item'>\n\t\t\t<div class='gallery-icon portrait'>\n\t\t\t\t<a href='https:\/\/360.ee\/wp-content\/uploads\/IMG_2009-2-scaled.jpg'><img loading=\"lazy\" decoding=\"async\" width=\"450\" height=\"225\" src=\"https:\/\/360.ee\/wp-content\/uploads\/IMG_2009-2-450x225.jpg\" class=\"attachment-thumbnail size-thumbnail\" alt=\"tallinna vanalinnas 360fun nutim\u00e4ng\" \/><\/a>\n\t\t\t<\/div><\/figure><figure class='gallery-item'>\n\t\t\t<div class='gallery-icon landscape'>\n\t\t\t\t<a href='https:\/\/360.ee\/wp-content\/uploads\/377A5965.jpg'><img loading=\"lazy\" decoding=\"async\" width=\"450\" height=\"225\" src=\"https:\/\/360.ee\/wp-content\/uploads\/377A5965-450x225.jpg\" class=\"attachment-thumbnail size-thumbnail\" alt=\"s\u00f5brad tallinna vanalinnas vaateplatvormil 360fun nutim\u00e4ngu m\u00e4ngimas\" \/><\/a>\n\t\t\t<\/div><\/figure><figure class='gallery-item'>\n\t\t\t<div class='gallery-icon portrait'>\n\t\t\t\t<a href='https:\/\/360.ee\/wp-content\/uploads\/IMG_1993-2-scaled.jpg'><img loading=\"lazy\" decoding=\"async\" width=\"450\" height=\"225\" src=\"https:\/\/360.ee\/wp-content\/uploads\/IMG_1993-2-450x225.jpg\" class=\"attachment-thumbnail size-thumbnail\" alt=\"tallinna raekoja platsis 360fun nutim\u00e4ngu m\u00e4ngimas\" \/><\/a>\n\t\t\t<\/div><\/figure><figure class='gallery-item'>\n\t\t\t<div class='gallery-icon landscape'>\n\t\t\t\t<a href='https:\/\/360.ee\/wp-content\/uploads\/IMG_5077-2-scaled.jpg'><img loading=\"lazy\" decoding=\"async\" width=\"450\" height=\"225\" src=\"https:\/\/360.ee\/wp-content\/uploads\/IMG_5077-2-450x225.jpg\" class=\"attachment-thumbnail size-thumbnail\" alt=\"tallinna vanalinnas nutim\u00e4ngu m\u00e4ngimas\" \/><\/a>\n\t\t\t<\/div><\/figure>\n\t\t<\/div>\n\n<\/div>\n","protected":false},"excerpt":{"rendered":"<p>Ever found yourself wanting to get out and do something, but nothing comes to mind? [&hellip;]<\/p>\n<div class=\"readmore\"><a class=\"btn readmore\" href=\"https:\/\/360.ee\/en\/mobiilimangud\/\">Read more<\/a><\/div>\n","protected":false},"author":10,"featured_media":25429,"parent":0,"menu_order":38,"comment_status":"closed","ping_status":"closed","template":"","meta":{"_acf_changed":false,"footnotes":""},"class_list":["post-30120","page","type-page","status-publish","has-post-thumbnail","hentry"],"acf":[],"yoast_head":"<!-- This site is optimized with the Yoast SEO plugin v27.4 - https:\/\/yoast.com\/product\/yoast-seo-wordpress\/ -->\n<title>Mobile games - Seiklus- ja matkafirma 360 KRAADI<\/title>\n<meta name=\"description\" content=\"360FUN pakub interaktiivseid mobiilim\u00e4nge iseseisvaks avastamiseks erinevates Eestimaa linnades ja paikades. Tutvu valikuga ja soeta e-poest!\" \/>\n<meta name=\"robots\" content=\"index, follow, max-snippet:-1, max-image-preview:large, max-video-preview:-1\" \/>\n<link rel=\"canonical\" href=\"https:\/\/360.ee\/en\/mobiilimangud\/\" \/>\n<meta property=\"og:locale\" content=\"en_US\" \/>\n<meta property=\"og:type\" content=\"article\" \/>\n<meta property=\"og:title\" content=\"Mobile games - Seiklus- ja matkafirma 360 KRAADI\" \/>\n<meta property=\"og:description\" content=\"360FUN pakub interaktiivseid mobiilim\u00e4nge iseseisvaks avastamiseks erinevates Eestimaa linnades ja paikades. Tutvu valikuga ja soeta e-poest!\" \/>\n<meta property=\"og:url\" content=\"https:\/\/360.ee\/en\/mobiilimangud\/\" \/>\n<meta property=\"og:site_name\" content=\"Seiklus- ja matkafirma 360 KRAADI\" \/>\n<meta property=\"article:publisher\" content=\"https:\/\/www.facebook.com\/360kraadi\" \/>\n<meta property=\"article:modified_time\" content=\"2025-11-28T09:42:50+00:00\" \/>\n<meta property=\"og:image\" content=\"https:\/\/360.ee\/wp-content\/uploads\/360fun.jpg\" \/>\n\t<meta property=\"og:image:width\" content=\"427\" \/>\n\t<meta property=\"og:image:height\" content=\"640\" \/>\n\t<meta property=\"og:image:type\" content=\"image\/jpeg\" \/>\n<script type=\"application\/ld+json\" class=\"yoast-schema-graph\">{\"@context\":\"https:\\\/\\\/schema.org\",\"@graph\":[{\"@type\":\"WebPage\",\"@id\":\"https:\\\/\\\/360.ee\\\/en\\\/mobiilimangud\\\/\",\"url\":\"https:\\\/\\\/360.ee\\\/en\\\/mobiilimangud\\\/\",\"name\":\"Mobile games - Seiklus- ja matkafirma 360 KRAADI\",\"isPartOf\":{\"@id\":\"https:\\\/\\\/360.ee\\\/en\\\/#website\"},\"primaryImageOfPage\":{\"@id\":\"https:\\\/\\\/360.ee\\\/en\\\/mobiilimangud\\\/#primaryimage\"},\"image\":{\"@id\":\"https:\\\/\\\/360.ee\\\/en\\\/mobiilimangud\\\/#primaryimage\"},\"thumbnailUrl\":\"https:\\\/\\\/360.ee\\\/wp-content\\\/uploads\\\/360fun.jpg\",\"datePublished\":\"2020-04-28T16:09:46+00:00\",\"dateModified\":\"2025-11-28T09:42:50+00:00\",\"description\":\"360FUN pakub interaktiivseid mobiilim\u00e4nge iseseisvaks avastamiseks erinevates Eestimaa linnades ja paikades. Tutvu valikuga ja soeta e-poest!\",\"breadcrumb\":{\"@id\":\"https:\\\/\\\/360.ee\\\/en\\\/mobiilimangud\\\/#breadcrumb\"},\"inLanguage\":\"en-US\",\"potentialAction\":[{\"@type\":\"ReadAction\",\"target\":[\"https:\\\/\\\/360.ee\\\/en\\\/mobiilimangud\\\/\"]}]},{\"@type\":\"ImageObject\",\"inLanguage\":\"en-US\",\"@id\":\"https:\\\/\\\/360.ee\\\/en\\\/mobiilimangud\\\/#primaryimage\",\"url\":\"https:\\\/\\\/360.ee\\\/wp-content\\\/uploads\\\/360fun.jpg\",\"contentUrl\":\"https:\\\/\\\/360.ee\\\/wp-content\\\/uploads\\\/360fun.jpg\",\"width\":427,\"height\":640,\"caption\":\"360FUN mobile game\"},{\"@type\":\"BreadcrumbList\",\"@id\":\"https:\\\/\\\/360.ee\\\/en\\\/mobiilimangud\\\/#breadcrumb\",\"itemListElement\":[{\"@type\":\"ListItem\",\"position\":1,\"name\":\"Home\",\"item\":\"https:\\\/\\\/360.ee\\\/en\\\/\"},{\"@type\":\"ListItem\",\"position\":2,\"name\":\"Mobile games\"}]},{\"@type\":\"WebSite\",\"@id\":\"https:\\\/\\\/360.ee\\\/en\\\/#website\",\"url\":\"https:\\\/\\\/360.ee\\\/en\\\/\",\"name\":\"Seiklus- ja matkafirma 360 KRAADI\",\"description\":\"\",\"alternateName\":\"360 KRAADI\",\"potentialAction\":[{\"@type\":\"SearchAction\",\"target\":{\"@type\":\"EntryPoint\",\"urlTemplate\":\"https:\\\/\\\/360.ee\\\/en\\\/?s={search_term_string}\"},\"query-input\":{\"@type\":\"PropertyValueSpecification\",\"valueRequired\":true,\"valueName\":\"search_term_string\"}}],\"inLanguage\":\"en-US\"}]}<\/script>\n<!-- \/ Yoast SEO plugin. -->","yoast_head_json":{"title":"Mobile games - Seiklus- ja matkafirma 360 KRAADI","description":"360FUN pakub interaktiivseid mobiilim\u00e4nge iseseisvaks avastamiseks erinevates Eestimaa linnades ja paikades. Tutvu valikuga ja soeta e-poest!","robots":{"index":"index","follow":"follow","max-snippet":"max-snippet:-1","max-image-preview":"max-image-preview:large","max-video-preview":"max-video-preview:-1"},"canonical":"https:\/\/360.ee\/en\/mobiilimangud\/","og_locale":"en_US","og_type":"article","og_title":"Mobile games - Seiklus- ja matkafirma 360 KRAADI","og_description":"360FUN pakub interaktiivseid mobiilim\u00e4nge iseseisvaks avastamiseks erinevates Eestimaa linnades ja paikades. Tutvu valikuga ja soeta e-poest!","og_url":"https:\/\/360.ee\/en\/mobiilimangud\/","og_site_name":"Seiklus- ja matkafirma 360 KRAADI","article_publisher":"https:\/\/www.facebook.com\/360kraadi","article_modified_time":"2025-11-28T09:42:50+00:00","og_image":[{"width":427,"height":640,"url":"https:\/\/360.ee\/wp-content\/uploads\/360fun.jpg","type":"image\/jpeg"}],"schema":{"@context":"https:\/\/schema.org","@graph":[{"@type":"WebPage","@id":"https:\/\/360.ee\/en\/mobiilimangud\/","url":"https:\/\/360.ee\/en\/mobiilimangud\/","name":"Mobile games - Seiklus- ja matkafirma 360 KRAADI","isPartOf":{"@id":"https:\/\/360.ee\/en\/#website"},"primaryImageOfPage":{"@id":"https:\/\/360.ee\/en\/mobiilimangud\/#primaryimage"},"image":{"@id":"https:\/\/360.ee\/en\/mobiilimangud\/#primaryimage"},"thumbnailUrl":"https:\/\/360.ee\/wp-content\/uploads\/360fun.jpg","datePublished":"2020-04-28T16:09:46+00:00","dateModified":"2025-11-28T09:42:50+00:00","description":"360FUN pakub interaktiivseid mobiilim\u00e4nge iseseisvaks avastamiseks erinevates Eestimaa linnades ja paikades. Tutvu valikuga ja soeta e-poest!","breadcrumb":{"@id":"https:\/\/360.ee\/en\/mobiilimangud\/#breadcrumb"},"inLanguage":"en-US","potentialAction":[{"@type":"ReadAction","target":["https:\/\/360.ee\/en\/mobiilimangud\/"]}]},{"@type":"ImageObject","inLanguage":"en-US","@id":"https:\/\/360.ee\/en\/mobiilimangud\/#primaryimage","url":"https:\/\/360.ee\/wp-content\/uploads\/360fun.jpg","contentUrl":"https:\/\/360.ee\/wp-content\/uploads\/360fun.jpg","width":427,"height":640,"caption":"360FUN mobile game"},{"@type":"BreadcrumbList","@id":"https:\/\/360.ee\/en\/mobiilimangud\/#breadcrumb","itemListElement":[{"@type":"ListItem","position":1,"name":"Home","item":"https:\/\/360.ee\/en\/"},{"@type":"ListItem","position":2,"name":"Mobile games"}]},{"@type":"WebSite","@id":"https:\/\/360.ee\/en\/#website","url":"https:\/\/360.ee\/en\/","name":"Seiklus- ja matkafirma 360 KRAADI","description":"","alternateName":"360 KRAADI","potentialAction":[{"@type":"SearchAction","target":{"@type":"EntryPoint","urlTemplate":"https:\/\/360.ee\/en\/?s={search_term_string}"},"query-input":{"@type":"PropertyValueSpecification","valueRequired":true,"valueName":"search_term_string"}}],"inLanguage":"en-US"}]}},"publishpress_future_action":{"enabled":false,"date":"2026-04-26 13:16:01","action":"change-status","newStatus":"draft","terms":[],"taxonomy":"translation_priority","extraData":[]},"publishpress_future_workflow_manual_trigger":{"enabledWorkflows":[]},"_links":{"self":[{"href":"https:\/\/360.ee\/en\/wp-json\/wp\/v2\/pages\/30120","targetHints":{"allow":["GET"]}}],"collection":[{"href":"https:\/\/360.ee\/en\/wp-json\/wp\/v2\/pages"}],"about":[{"href":"https:\/\/360.ee\/en\/wp-json\/wp\/v2\/types\/page"}],"author":[{"embeddable":true,"href":"https:\/\/360.ee\/en\/wp-json\/wp\/v2\/users\/10"}],"replies":[{"embeddable":true,"href":"https:\/\/360.ee\/en\/wp-json\/wp\/v2\/comments?post=30120"}],"version-history":[{"count":2,"href":"https:\/\/360.ee\/en\/wp-json\/wp\/v2\/pages\/30120\/revisions"}],"predecessor-version":[{"id":30127,"href":"https:\/\/360.ee\/en\/wp-json\/wp\/v2\/pages\/30120\/revisions\/30127"}],"wp:featuredmedia":[{"embeddable":true,"href":"https:\/\/360.ee\/en\/wp-json\/wp\/v2\/media\/25429"}],"wp:attachment":[{"href":"https:\/\/360.ee\/en\/wp-json\/wp\/v2\/media?parent=30120"}],"curies":[{"name":"wp","href":"https:\/\/api.w.org\/{rel}","templated":true}]}}